{"id":899,"date":"2015-04-04T11:57:19","date_gmt":"2015-04-04T10:57:19","guid":{"rendered":"http:\/\/newthemes.themeple.co\/vision_wp\/demo7\/?page_id=899"},"modified":"2022-11-19T19:46:42","modified_gmt":"2022-11-19T18:46:42","slug":"home-3","status":"publish","type":"page","link":"https:\/\/www.entreprise-flande.com\/","title":{"rendered":""},"content":{"rendered":"<p>[vc_row bottom_padding=\u00a0\u00bb40&Prime;][vc_column][page_header size_title=\u00a0\u00bb25&Prime; title_color=\u00a0\u00bb#4a4a4a\u00a0\u00bb title=\u00a0\u00bbR\u00c9NOVATION, G\u00c9NIE CIVIL, MA\u00c7ONNERIE\u00a0\u00bb sub_title=\u00a0\u00bbPourquoi nous choisir ?\u00a0\u00bb][\/page_header][\/vc_column][\/vc_row][vc_row bottom_padding=\u00a0\u00bb90&Prime;][vc_column][vc_row_inner][vc_column_inner width=\u00a0\u00bb1\/3&Prime;][services_boxed title=\u00a0\u00bbNOTRE ENTREPRISE\u00a0\u00bb icon=\u00a0\u00bblinecon-icon-heart\u00a0\u00bb dynamic_content_link=\u00a0\u00bbindex.php\/notre-entreprise\/\u00a0\u00bb]Depuis 2001, notre entreprise se consacre \u00e0 son c\u0153ur d\u2019activit\u00e9 : la r\u00e9novation et assure \u00e9galement des travaux de g\u00e9nie civil et de ma\u00e7onnerie. Nous travaillons aussi bien avec des particuliers que des professionnels, permettant ainsi d\u2019avoir un champ d\u2019intervention plus ouvert et vari\u00e9&#8230;[\/services_boxed][\/vc_column_inner][vc_column_inner width=\u00a0\u00bb1\/3&Prime;][services_boxed title=\u00a0\u00bbNOS SAVOIR-FAIRE\u00a0\u00bb icon=\u00a0\u00bblinecon-icon-star\u00a0\u00bb dynamic_content_link=\u00a0\u00bbindex.php\/savoir-faire\/\u00a0\u00bb]Notre entreprise s\u2019est quasi-exclusivement consacr\u00e9e au travaux de r\u00e9novation, permettant ainsi d\u2019acqu\u00e9rir une exp\u00e9rience solide en mati\u00e8re de travaux sur les b\u00e2timents anciens et dans la r\u00e9habilitation des b\u00e2timents existants. Tant sur les travaux lourd de structure que les r\u00e9novation de fa\u00e7ades&#8230;[\/services_boxed][\/vc_column_inner][vc_column_inner width=\u00a0\u00bb1\/3&Prime;][services_boxed title=\u00a0\u00bbRENCONTREZ-NOUS\u00a0\u00bb icon=\u00a0\u00bbmoon-screen\u00a0\u00bb dynamic_content_link=\u00a0\u00bbindex.php\/contactez-nous\u00a0\u00bb]Venez-nous voir au 283 chemin des Agri\u00e8s \u00e0 Labarthe sur L\u00e8ze (plan d&rsquo;acc\u00e8s dans le menu ci-dessus), contactez-nous par e-mail depuis le formulaire de contact de ce site, ou t\u00e9l\u00e9phonez-nous pour toute demande de rendez-vous,\u00a0 renseignement ou devis au\u00a005.61.20.19.38 \/ 06.80.63.33.47[\/services_boxed][\/vc_column_inner][\/vc_row_inner][\/vc_column][\/vc_row][vc_row bg_color=\u00a0\u00bb#f8f8f8&Prime; top_padding=\u00a0\u00bb25&Prime; bottom_padding=\u00a0\u00bb25&Prime;][vc_column][page_header size_title=\u00a0\u00bb25&Prime; title_color=\u00a0\u00bb#4a4a4a\u00a0\u00bb title=\u00a0\u00bbDERNIERS CHANTIERS\u00a0\u00bb sub_title=\u00a0\u00bbNOS R\u00c9F\u00c9RENCES\u00a0\u00bb][\/page_header][\/vc_column][\/vc_row][vc_row type=\u00a0\u00bbfull_width_background\u00a0\u00bb bg_color=\u00a0\u00bb#f8f8f8&Prime; bottom_padding=\u00a0\u00bb25&Prime;][vc_column][home_portfolio dynamic_columns=\u00a0\u00bb3&Prime; dynamic_rows=\u00a0\u00bb2&Prime; portfolio_selected=\u00a0\u00bb42&Prime; portfolio_space=\u00a0\u00bbyes\u00a0\u00bb][\/vc_column][\/vc_row][vc_row type=\u00a0\u00bbfull_width_background\u00a0\u00bb bg_color=\u00a0\u00bb#f8f8f8&Prime; top_padding=\u00a0\u00bb10&Prime; bottom_padding=\u00a0\u00bb10&Prime;][vc_column][single_testimonial title=\u00a0\u00bbLes nouvelles de Fland\u00e9\u00a0\u00bb navigation=\u00a0\u00bbyes\u00a0\u00bb][\/vc_column][\/vc_row]<\/p>\n","protected":false},"excerpt":{"rendered":"<p>[vc_row bottom_padding=\u00a0\u00bb40&Prime;][vc_column][page_header size_title=\u00a0\u00bb25&Prime; title_color=\u00a0\u00bb#4a4a4a\u00a0\u00bb title=\u00a0\u00bbR\u00c9NOVATION, G\u00c9NIE CIVIL, MA\u00c7ONNERIE\u00a0\u00bb sub_title=\u00a0\u00bbPourquoi nous choisir ?\u00a0\u00bb][\/page_header][\/vc_column][\/vc_row][vc_row bottom_padding=\u00a0\u00bb90&Prime;][vc_column][vc_row_inner][vc_column_inner width=\u00a0\u00bb1\/3&Prime;][services_boxed title=\u00a0\u00bbNOTRE ENTREPRISE\u00a0\u00bb icon=\u00a0\u00bblinecon-icon-heart\u00a0\u00bb dynamic_content_link=\u00a0\u00bbindex.php\/notre-entreprise\/\u00a0\u00bb]Depuis 2001, notre entreprise se consacre \u00e0 son c\u0153ur d\u2019activit\u00e9 : la r\u00e9novation et assure \u00e9galement des travaux de g\u00e9nie civil et de ma\u00e7onnerie. Nous travaillons aussi bien avec des particuliers que des professionnels, permettant ainsi d\u2019avoir un<\/p>\n","protected":false},"author":1,"featured_media":0,"parent":0,"menu_order":0,"comment_status":"closed","ping_status":"closed","template":"","meta":{"footnotes":""},"class_list":["post-899","page","type-page","status-publish","hentry"],"yoast_head":"<!-- This site is optimized with the Yoast SEO plugin v24.4 - https:\/\/yoast.com\/wordpress\/plugins\/seo\/ -->\n<title>- Entreprise Fland\u00e9 SARL<\/title>\n<meta name=\"robots\" content=\"index, follow, max-snippet:-1, max-image-preview:large, max-video-preview:-1\" \/>\n<link rel=\"canonical\" href=\"https:\/\/www.entreprise-flande.com\/\" \/>\n<meta property=\"og:locale\" content=\"fr_FR\" \/>\n<meta property=\"og:type\" content=\"article\" \/>\n<meta property=\"og:title\" content=\"- Entreprise Fland\u00e9 SARL\" \/>\n<meta property=\"og:description\" content=\"[vc_row bottom_padding=\u00a0\u00bb40&Prime;][vc_column][page_header size_title=\u00a0\u00bb25&Prime; title_color=\u00a0\u00bb#4a4a4a\u00a0\u00bb title=\u00a0\u00bbR\u00c9NOVATION, G\u00c9NIE CIVIL, MA\u00c7ONNERIE\u00a0\u00bb sub_title=\u00a0\u00bbPourquoi nous choisir ?\u00a0\u00bb][\/page_header][\/vc_column][\/vc_row][vc_row bottom_padding=\u00a0\u00bb90&Prime;][vc_column][vc_row_inner][vc_column_inner width=\u00a0\u00bb1\/3&Prime;][services_boxed title=\u00a0\u00bbNOTRE ENTREPRISE\u00a0\u00bb icon=\u00a0\u00bblinecon-icon-heart\u00a0\u00bb dynamic_content_link=\u00a0\u00bbindex.php\/notre-entreprise\/\u00a0\u00bb]Depuis 2001, notre entreprise se consacre \u00e0 son c\u0153ur d\u2019activit\u00e9 : la r\u00e9novation et assure \u00e9galement des travaux de g\u00e9nie civil et de ma\u00e7onnerie. Nous travaillons aussi bien avec des particuliers que des professionnels, permettant ainsi d\u2019avoir un\" \/>\n<meta property=\"og:url\" content=\"https:\/\/www.entreprise-flande.com\/\" \/>\n<meta property=\"og:site_name\" content=\"Entreprise Fland\u00e9 SARL\" \/>\n<meta property=\"article:modified_time\" content=\"2022-11-19T18:46:42+00:00\" \/>\n<meta name=\"twitter:card\" content=\"summary_large_image\" \/>\n<meta name=\"twitter:label1\" content=\"Dur\u00e9e de lecture estim\u00e9e\" \/>\n\t<meta name=\"twitter:data1\" content=\"1 minute\" \/>\n<script type=\"application\/ld+json\" class=\"yoast-schema-graph\">{\"@context\":\"https:\/\/schema.org\",\"@graph\":[{\"@type\":\"WebPage\",\"@id\":\"https:\/\/www.entreprise-flande.com\/\",\"url\":\"https:\/\/www.entreprise-flande.com\/\",\"name\":\"- Entreprise Fland\u00e9 SARL\",\"isPartOf\":{\"@id\":\"https:\/\/www.entreprise-flande.com\/#website\"},\"datePublished\":\"2015-04-04T10:57:19+00:00\",\"dateModified\":\"2022-11-19T18:46:42+00:00\",\"inLanguage\":\"fr-FR\",\"potentialAction\":[{\"@type\":\"ReadAction\",\"target\":[\"https:\/\/www.entreprise-flande.com\/\"]}]},{\"@type\":\"WebSite\",\"@id\":\"https:\/\/www.entreprise-flande.com\/#website\",\"url\":\"https:\/\/www.entreprise-flande.com\/\",\"name\":\"Entreprise Fland\u00e9 SARL\",\"description\":\"Bruno Fland\u00e9\",\"potentialAction\":[{\"@type\":\"SearchAction\",\"target\":{\"@type\":\"EntryPoint\",\"urlTemplate\":\"https:\/\/www.entreprise-flande.com\/?s={search_term_string}\"},\"query-input\":{\"@type\":\"PropertyValueSpecification\",\"valueRequired\":true,\"valueName\":\"search_term_string\"}}],\"inLanguage\":\"fr-FR\"}]}<\/script>\n<!-- \/ Yoast SEO plugin. -->","yoast_head_json":{"title":"- Entreprise Fland\u00e9 SARL","robots":{"index":"index","follow":"follow","max-snippet":"max-snippet:-1","max-image-preview":"max-image-preview:large","max-video-preview":"max-video-preview:-1"},"canonical":"https:\/\/www.entreprise-flande.com\/","og_locale":"fr_FR","og_type":"article","og_title":"- Entreprise Fland\u00e9 SARL","og_description":"[vc_row bottom_padding=\u00a0\u00bb40&Prime;][vc_column][page_header size_title=\u00a0\u00bb25&Prime; title_color=\u00a0\u00bb#4a4a4a\u00a0\u00bb title=\u00a0\u00bbR\u00c9NOVATION, G\u00c9NIE CIVIL, MA\u00c7ONNERIE\u00a0\u00bb sub_title=\u00a0\u00bbPourquoi nous choisir ?\u00a0\u00bb][\/page_header][\/vc_column][\/vc_row][vc_row bottom_padding=\u00a0\u00bb90&Prime;][vc_column][vc_row_inner][vc_column_inner width=\u00a0\u00bb1\/3&Prime;][services_boxed title=\u00a0\u00bbNOTRE ENTREPRISE\u00a0\u00bb icon=\u00a0\u00bblinecon-icon-heart\u00a0\u00bb dynamic_content_link=\u00a0\u00bbindex.php\/notre-entreprise\/\u00a0\u00bb]Depuis 2001, notre entreprise se consacre \u00e0 son c\u0153ur d\u2019activit\u00e9 : la r\u00e9novation et assure \u00e9galement des travaux de g\u00e9nie civil et de ma\u00e7onnerie. Nous travaillons aussi bien avec des particuliers que des professionnels, permettant ainsi d\u2019avoir un","og_url":"https:\/\/www.entreprise-flande.com\/","og_site_name":"Entreprise Fland\u00e9 SARL","article_modified_time":"2022-11-19T18:46:42+00:00","twitter_card":"summary_large_image","twitter_misc":{"Dur\u00e9e de lecture estim\u00e9e":"1 minute"},"schema":{"@context":"https:\/\/schema.org","@graph":[{"@type":"WebPage","@id":"https:\/\/www.entreprise-flande.com\/","url":"https:\/\/www.entreprise-flande.com\/","name":"- Entreprise Fland\u00e9 SARL","isPartOf":{"@id":"https:\/\/www.entreprise-flande.com\/#website"},"datePublished":"2015-04-04T10:57:19+00:00","dateModified":"2022-11-19T18:46:42+00:00","inLanguage":"fr-FR","potentialAction":[{"@type":"ReadAction","target":["https:\/\/www.entreprise-flande.com\/"]}]},{"@type":"WebSite","@id":"https:\/\/www.entreprise-flande.com\/#website","url":"https:\/\/www.entreprise-flande.com\/","name":"Entreprise Fland\u00e9 SARL","description":"Bruno Fland\u00e9","potentialAction":[{"@type":"SearchAction","target":{"@type":"EntryPoint","urlTemplate":"https:\/\/www.entreprise-flande.com\/?s={search_term_string}"},"query-input":{"@type":"PropertyValueSpecification","valueRequired":true,"valueName":"search_term_string"}}],"inLanguage":"fr-FR"}]}},"_links":{"self":[{"href":"https:\/\/www.entreprise-flande.com\/index.php\/wp-json\/wp\/v2\/pages\/899","targetHints":{"allow":["GET"]}}],"collection":[{"href":"https:\/\/www.entreprise-flande.com\/index.php\/wp-json\/wp\/v2\/pages"}],"about":[{"href":"https:\/\/www.entreprise-flande.com\/index.php\/wp-json\/wp\/v2\/types\/page"}],"author":[{"embeddable":true,"href":"https:\/\/www.entreprise-flande.com\/index.php\/wp-json\/wp\/v2\/users\/1"}],"replies":[{"embeddable":true,"href":"https:\/\/www.entreprise-flande.com\/index.php\/wp-json\/wp\/v2\/comments?post=899"}],"version-history":[{"count":0,"href":"https:\/\/www.entreprise-flande.com\/index.php\/wp-json\/wp\/v2\/pages\/899\/revisions"}],"wp:attachment":[{"href":"https:\/\/www.entreprise-flande.com\/index.php\/wp-json\/wp\/v2\/media?parent=899"}],"curies":[{"name":"wp","href":"https:\/\/api.w.org\/{rel}","templated":true}]}}